{"id":208,"date":"2017-11-12T21:37:35","date_gmt":"2017-11-12T20:37:35","guid":{"rendered":"http:\/\/nourasalia.com\/?page_id=208"},"modified":"2023-05-04T09:23:35","modified_gmt":"2023-05-04T08:23:35","slug":"reflexion","status":"publish","type":"page","link":"https:\/\/nourasalia.com\/index.php\/reflexion\/","title":{"rendered":"R\u00e9flexion"},"content":{"rendered":"<p>&nbsp;<\/p>\n<h6><b>\u00a0<a href=\"https:\/\/nourasalia.com\/index.php\/716-2\/\">La Fragilit\u00e9<\/a><\/b><\/h6>\n<h6><a href=\"https:\/\/nourasalia.com\/index.php\/820-2\/\"><b>La sc\u00e8ne artistique syrienne<\/b><\/a><\/h6>\n<h6><a href=\"https:\/\/nourasalia.com\/index.php\/1198-2\/\"><b>Les archives de l&rsquo;art syrien (initiative par la fondation Atassi)<\/b><\/a><\/h6>\n<h6><\/h6>\n<div class=\"page\" title=\"Page 2\">\n<div class=\"section\">\n<div class=\"layoutArea\">\n<h6>Tous droits r\u00e9serv\u00e9s\u00a0\u00a9 Nour ASALIA<\/h6>\n<h5><\/h5>\n<h5><\/h5>\n<h5><\/h5>\n<h5><\/h5>\n<\/div>\n<\/div>\n<\/div>\n","protected":false},"excerpt":{"rendered":"<p>&nbsp; \u00a0La Fragilit\u00e9 La sc\u00e8ne artistique syrienne Les archives de l&rsquo;art syrien (initiative par la fondation Atassi) Tous droits r\u00e9serv\u00e9s\u00a0\u00a9 Nour ASALIA<\/p>\n","protected":false},"author":1,"featured_media":0,"parent":0,"menu_order":0,"comment_status":"closed","ping_status":"closed","template":"","meta":[],"_links":{"self":[{"href":"https:\/\/nourasalia.com\/index.php\/wp-json\/wp\/v2\/pages\/208"}],"collection":[{"href":"https:\/\/nourasalia.com\/index.php\/wp-json\/wp\/v2\/pages"}],"about":[{"href":"https:\/\/nourasalia.com\/index.php\/wp-json\/wp\/v2\/types\/page"}],"author":[{"embeddable":true,"href":"https:\/\/nourasalia.com\/index.php\/wp-json\/wp\/v2\/users\/1"}],"replies":[{"embeddable":true,"href":"https:\/\/nourasalia.com\/index.php\/wp-json\/wp\/v2\/comments?post=208"}],"version-history":[{"count":104,"href":"https:\/\/nourasalia.com\/index.php\/wp-json\/wp\/v2\/pages\/208\/revisions"}],"predecessor-version":[{"id":1237,"href":"https:\/\/nourasalia.com\/index.php\/wp-json\/wp\/v2\/pages\/208\/revisions\/1237"}],"wp:attachment":[{"href":"https:\/\/nourasalia.com\/index.php\/wp-json\/wp\/v2\/media?parent=208"}],"curies":[{"name":"wp","href":"https:\/\/api.w.org\/{rel}","templated":true}]}}