{"id":450,"date":"2019-03-14T09:44:52","date_gmt":"2019-03-14T08:44:52","guid":{"rendered":"http:\/\/nourasalia.com\/?page_id=450"},"modified":"2021-12-02T20:26:58","modified_gmt":"2021-12-02T19:26:58","slug":"evenements","status":"publish","type":"page","link":"https:\/\/nourasalia.com\/index.php\/evenements\/","title":{"rendered":"Presse et \u00e9v\u00e9nements"},"content":{"rendered":"<p>&nbsp;<\/p>\n<p>Nour ASALIA dans \u00abDe l&rsquo;objet au sacr\u00e9, le coffre fun\u00e9raire\u00bb \u00e9tude sur l&rsquo;oeuvre Lettre de Virginia Woolf dans le livre \u00abLa destructivit\u00e9 en \u0153uvres, essai sur l\u2019art syrien contemporain\u00bb par Nibras Chehayed et Guillaume de Vaulx d\u2019Arcy, publication de <span style=\"color: #993300;\"><a style=\"color: #993300;\" href=\"https:\/\/www.ifporient.org\/978-2-35159-774-3\/?fbclid=IwAR0eBiBxPLMdF_-WGqRPvD5TymW7jJsW3CRvVT0s3q_onZLX3MGVYy_akX4\">l&rsquo;Ifpo<\/a>.<\/span> 2021<\/p>\n<p><img loading=\"lazy\" class=\"size-medium wp-image-1027 aligncenter\" src=\"http:\/\/nourasalia.com\/wp-content\/uploads\/2021\/11\/243659382_4481853201900946_226368046072304787_n-1-300x233.jpeg\" alt=\"\" width=\"300\" height=\"233\" srcset=\"https:\/\/nourasalia.com\/wp-content\/uploads\/2021\/11\/243659382_4481853201900946_226368046072304787_n-1-300x233.jpeg 300w, https:\/\/nourasalia.com\/wp-content\/uploads\/2021\/11\/243659382_4481853201900946_226368046072304787_n-1-1024x796.jpeg 1024w, https:\/\/nourasalia.com\/wp-content\/uploads\/2021\/11\/243659382_4481853201900946_226368046072304787_n-1-150x117.jpeg 150w, https:\/\/nourasalia.com\/wp-content\/uploads\/2021\/11\/243659382_4481853201900946_226368046072304787_n-1-1536x1194.jpeg 1536w, https:\/\/nourasalia.com\/wp-content\/uploads\/2021\/11\/243659382_4481853201900946_226368046072304787_n-1.jpeg 1770w\" sizes=\"(max-width: 300px) 100vw, 300px\" \/><\/p>\n<p>Nour ASALIA Dans <span style=\"color: #993300;\"><a style=\"color: #993300;\" href=\"https:\/\/www.portesouvertessurlart.com\/livres\"><em>Artistes syriens en exil, \u0153uvres et r\u00e9cits<\/em><\/a><\/span> de Dunia Al Dahanet et Corinne Rondeau publication de M\u00e9diapop, 2020.<\/p>\n<p><img loading=\"lazy\" class=\"size-medium wp-image-1023 aligncenter\" src=\"http:\/\/nourasalia.com\/wp-content\/uploads\/2021\/11\/Dunia-300x227.jpg\" alt=\"\" width=\"300\" height=\"227\" srcset=\"https:\/\/nourasalia.com\/wp-content\/uploads\/2021\/11\/Dunia-300x227.jpg 300w, https:\/\/nourasalia.com\/wp-content\/uploads\/2021\/11\/Dunia-1024x774.jpg 1024w, https:\/\/nourasalia.com\/wp-content\/uploads\/2021\/11\/Dunia-150x113.jpg 150w, https:\/\/nourasalia.com\/wp-content\/uploads\/2021\/11\/Dunia.jpg 1270w\" sizes=\"(max-width: 300px) 100vw, 300px\" \/><\/p>\n<p>&nbsp;<\/p>\n<p>Exposition collective <a href=\"https:\/\/www.portesouvertessurlart.com\/exposition-5\">D\u00e9luge, d\u00e9parts ; mythes, chants et autres histoires <\/a>commissaire Elena Sorokina<\/p>\n<p><img loading=\"lazy\" class=\"size-medium wp-image-1052 aligncenter\" src=\"http:\/\/nourasalia.com\/wp-content\/uploads\/2021\/12\/Capture-de\u0301cran-2021-12-02-a\u0300-20.17.02-300x244.png\" alt=\"\" width=\"300\" height=\"244\" srcset=\"https:\/\/nourasalia.com\/wp-content\/uploads\/2021\/12\/Capture-de\u0301cran-2021-12-02-a\u0300-20.17.02-300x244.png 300w, https:\/\/nourasalia.com\/wp-content\/uploads\/2021\/12\/Capture-de\u0301cran-2021-12-02-a\u0300-20.17.02-1024x832.png 1024w, https:\/\/nourasalia.com\/wp-content\/uploads\/2021\/12\/Capture-de\u0301cran-2021-12-02-a\u0300-20.17.02-150x122.png 150w, https:\/\/nourasalia.com\/wp-content\/uploads\/2021\/12\/Capture-de\u0301cran-2021-12-02-a\u0300-20.17.02-1536x1248.png 1536w, https:\/\/nourasalia.com\/wp-content\/uploads\/2021\/12\/Capture-de\u0301cran-2021-12-02-a\u0300-20.17.02.png 1768w\" sizes=\"(max-width: 300px) 100vw, 300px\" \/><\/p>\n<p style=\"text-align: left;\"><a href=\"http:\/\/www.comsyr57.org\/2019\/05\/la-creation-contemporaine-syrienne-a-metz-du-12-au-22-juin-2019.html\">La cr\u00e9ation contemporaine syrienne \u00e0 Metz<\/a> du 12 au 22 juin 2019 exposition \u00e0 la salle capitulaire du clo\u00eetre des R\u00e9collets, 1 rue des R\u00e9collets, Metz.<\/p>\n<p>&nbsp;<\/p>\n<div id=\"attachment_500\" style=\"width: 310px\" class=\"wp-caption aligncenter\"><img aria-describedby=\"caption-attachment-500\" loading=\"lazy\" class=\"size-medium wp-image-500\" src=\"http:\/\/nourasalia.com\/wp-content\/uploads\/2019\/05\/60656977_2300890756663879_6777305831554678784_n-300x199.jpg\" alt=\"Divin. Das et Paraffine. 2019\" width=\"300\" height=\"199\" srcset=\"https:\/\/nourasalia.com\/wp-content\/uploads\/2019\/05\/60656977_2300890756663879_6777305831554678784_n-300x199.jpg 300w, https:\/\/nourasalia.com\/wp-content\/uploads\/2019\/05\/60656977_2300890756663879_6777305831554678784_n-150x100.jpg 150w, https:\/\/nourasalia.com\/wp-content\/uploads\/2019\/05\/60656977_2300890756663879_6777305831554678784_n.jpg 960w\" sizes=\"(max-width: 300px) 100vw, 300px\" \/><p id=\"caption-attachment-500\" class=\"wp-caption-text\">Divin. Das et Paraffine. 2019<\/p><\/div>\n<p>&nbsp;<\/p>\n<p>Exposition collective par la Fondation Atassi :<a href=\"http:\/\/www.atassifoundation.com\/projects\/personal-revolutions\">Personal Revolutions<\/a>\u00a0AlSerkal Avenue, Dubai, 9 mai \/ 8 avril 2019.<\/p>\n<p>&nbsp;<\/p>\n<p><img loading=\"lazy\" class=\"wp-image-498 aligncenter\" src=\"http:\/\/nourasalia.com\/wp-content\/uploads\/2019\/05\/AE.jpg\" alt=\"AE\" width=\"380\" height=\"168\" srcset=\"https:\/\/nourasalia.com\/wp-content\/uploads\/2019\/05\/AE.jpg 870w, https:\/\/nourasalia.com\/wp-content\/uploads\/2019\/05\/AE-150x66.jpg 150w, https:\/\/nourasalia.com\/wp-content\/uploads\/2019\/05\/AE-300x133.jpg 300w\" sizes=\"(max-width: 380px) 100vw, 380px\" \/><\/p>\n<p>&nbsp;<\/p>\n<p>Exposition collective : <a href=\"https:\/\u00a0\/maisondesarts.malakoff.fr\/4\/expositions.htm\">O\u00f9 est la maison de mon ami<\/a> \u00e0 la Maison des arts de Malakoff. 22 janvier \/ 09 juin 2019<\/p>\n<p><img loading=\"lazy\" class=\"wp-image-483 aligncenter\" src=\"http:\/\/nourasalia.com\/wp-content\/uploads\/2019\/05\/50702976_772944589754848_7549684106930421760_n.jpg\" alt=\"50702976_772944589754848_7549684106930421760_n\" width=\"358\" height=\"268\" srcset=\"https:\/\/nourasalia.com\/wp-content\/uploads\/2019\/05\/50702976_772944589754848_7549684106930421760_n.jpg 960w, https:\/\/nourasalia.com\/wp-content\/uploads\/2019\/05\/50702976_772944589754848_7549684106930421760_n-150x113.jpg 150w, https:\/\/nourasalia.com\/wp-content\/uploads\/2019\/05\/50702976_772944589754848_7549684106930421760_n-300x225.jpg 300w\" sizes=\"(max-width: 358px) 100vw, 358px\" \/><\/p>\n<p>&nbsp;<\/p>\n<p><a href=\"http:\/\/Artwork Spotlight - The Journal - Atassi Foundation\">Artwork Spotlight<\/a>\u00a0\u00a0The Journal &#8211; Atassi Foundation Nour ASALIA<\/p>\n<p>&nbsp;<\/p>\n<p><img loading=\"lazy\" class=\"wp-image-92 aligncenter\" src=\"http:\/\/nourasalia.com\/wp-content\/uploads\/2016\/06\/me\u0301moire-2016-3-.jpg\" alt=\"me\u0301moire.1-2016 \/ Das et r\u00e9sine\" width=\"301\" height=\"368\" srcset=\"https:\/\/nourasalia.com\/wp-content\/uploads\/2016\/06\/me\u0301moire-2016-3-.jpg 628w, https:\/\/nourasalia.com\/wp-content\/uploads\/2016\/06\/me\u0301moire-2016-3--123x150.jpg 123w, https:\/\/nourasalia.com\/wp-content\/uploads\/2016\/06\/me\u0301moire-2016-3--245x300.jpg 245w\" sizes=\"(max-width: 301px) 100vw, 301px\" \/><\/p>\n<p>&nbsp;<\/p>\n<p>Artension magazine de l&rsquo;art vivant \/ 2016<\/p>\n\n\t\t<style type=\"text\/css\">\n\t\t\t#gallery-1 {\n\t\t\t\tmargin: auto;\n\t\t\t}\n\t\t\t#gallery-1 .gallery-item {\n\t\t\t\tfloat: left;\n\t\t\t\tmargin-top: 10px;\n\t\t\t\ttext-align: center;\n\t\t\t\twidth: 100%;\n\t\t\t}\n\t\t\t#gallery-1 img {\n\t\t\t\tborder: 2px solid #cfcfcf;\n\t\t\t}\n\t\t\t#gallery-1 .gallery-caption {\n\t\t\t\tmargin-left: 0;\n\t\t\t}\n\t\t\t\/* see gallery_shortcode() in wp-includes\/media.php *\/\n\t\t<\/style>\n\t\t<div data-carousel-extra='{\"blog_id\":1,\"permalink\":\"https:\\\/\\\/nourasalia.com\\\/index.php\\\/evenements\\\/\"}' id='gallery-1' class='gallery galleryid-450 gallery-columns-1 gallery-size-full'><dl class='gallery-item'>\n\t\t\t<dt class='gallery-icon landscape'>\n\t\t\t\t<a href='https:\/\/nourasalia.com\/index.php\/reflexion\/atrension\/'><img data-attachment-id=\"284\" data-orig-file=\"https:\/\/nourasalia.com\/wp-content\/uploads\/2018\/06\/atrension.jpg\" data-orig-size=\"3405,2261\" data-comments-opened=\"1\" data-image-meta=\"{&quot;aperture&quot;:&quot;0&quot;,&quot;credit&quot;:&quot;&quot;,&quot;camera&quot;:&quot;&quot;,&quot;caption&quot;:&quot;&quot;,&quot;created_timestamp&quot;:&quot;0&quot;,&quot;copyright&quot;:&quot;&quot;,&quot;focal_length&quot;:&quot;0&quot;,&quot;iso&quot;:&quot;0&quot;,&quot;shutter_speed&quot;:&quot;0&quot;,&quot;title&quot;:&quot;&quot;,&quot;orientation&quot;:&quot;1&quot;,&quot;keywords&quot;:&quot;Array&quot;}\" data-image-title=\"atrension\" data-image-description=\"\" data-medium-file=\"https:\/\/nourasalia.com\/wp-content\/uploads\/2018\/06\/atrension-300x199.jpg\" data-large-file=\"https:\/\/nourasalia.com\/wp-content\/uploads\/2018\/06\/atrension-1024x680.jpg\" width=\"3405\" height=\"2261\" src=\"https:\/\/nourasalia.com\/wp-content\/uploads\/2018\/06\/atrension.jpg\" class=\"attachment-full size-full\" alt=\"\" loading=\"lazy\" srcset=\"https:\/\/nourasalia.com\/wp-content\/uploads\/2018\/06\/atrension.jpg 3405w, https:\/\/nourasalia.com\/wp-content\/uploads\/2018\/06\/atrension-150x100.jpg 150w, https:\/\/nourasalia.com\/wp-content\/uploads\/2018\/06\/atrension-300x199.jpg 300w, https:\/\/nourasalia.com\/wp-content\/uploads\/2018\/06\/atrension-1024x680.jpg 1024w\" sizes=\"(max-width: 3405px) 100vw, 3405px\" \/><\/a>\n\t\t\t<\/dt><\/dl><br style=\"clear: both\" \/>\n\t\t<\/div>\n\n<p>Beaux-Arts-magazine\/Biennale de sculpture\/ propri\u00e9t\u00e9 Caillebotte 2016<\/p>\n\n\t\t<style type=\"text\/css\">\n\t\t\t#gallery-2 {\n\t\t\t\tmargin: auto;\n\t\t\t}\n\t\t\t#gallery-2 .gallery-item {\n\t\t\t\tfloat: left;\n\t\t\t\tmargin-top: 10px;\n\t\t\t\ttext-align: center;\n\t\t\t\twidth: 100%;\n\t\t\t}\n\t\t\t#gallery-2 img {\n\t\t\t\tborder: 2px solid #cfcfcf;\n\t\t\t}\n\t\t\t#gallery-2 .gallery-caption {\n\t\t\t\tmargin-left: 0;\n\t\t\t}\n\t\t\t\/* see gallery_shortcode() in wp-includes\/media.php *\/\n\t\t<\/style>\n\t\t<div data-carousel-extra='{\"blog_id\":1,\"permalink\":\"https:\\\/\\\/nourasalia.com\\\/index.php\\\/evenements\\\/\"}' id='gallery-2' class='gallery galleryid-450 gallery-columns-1 gallery-size-full'><dl class='gallery-item'>\n\t\t\t<dt class='gallery-icon landscape'>\n\t\t\t\t<a href='https:\/\/nourasalia.com\/index.php\/reflexion\/biennale\/'><img data-attachment-id=\"285\" data-orig-file=\"https:\/\/nourasalia.com\/wp-content\/uploads\/2018\/06\/biennale.jpg\" data-orig-size=\"3405,2261\" data-comments-opened=\"1\" data-image-meta=\"{&quot;aperture&quot;:&quot;0&quot;,&quot;credit&quot;:&quot;&quot;,&quot;camera&quot;:&quot;&quot;,&quot;caption&quot;:&quot;&quot;,&quot;created_timestamp&quot;:&quot;0&quot;,&quot;copyright&quot;:&quot;&quot;,&quot;focal_length&quot;:&quot;0&quot;,&quot;iso&quot;:&quot;0&quot;,&quot;shutter_speed&quot;:&quot;0&quot;,&quot;title&quot;:&quot;&quot;,&quot;orientation&quot;:&quot;1&quot;,&quot;keywords&quot;:&quot;Array&quot;}\" data-image-title=\"biennale\" data-image-description=\"\" data-medium-file=\"https:\/\/nourasalia.com\/wp-content\/uploads\/2018\/06\/biennale-300x199.jpg\" data-large-file=\"https:\/\/nourasalia.com\/wp-content\/uploads\/2018\/06\/biennale-1024x680.jpg\" width=\"3405\" height=\"2261\" src=\"https:\/\/nourasalia.com\/wp-content\/uploads\/2018\/06\/biennale.jpg\" class=\"attachment-full size-full\" alt=\"\" loading=\"lazy\" srcset=\"https:\/\/nourasalia.com\/wp-content\/uploads\/2018\/06\/biennale.jpg 3405w, https:\/\/nourasalia.com\/wp-content\/uploads\/2018\/06\/biennale-150x100.jpg 150w, https:\/\/nourasalia.com\/wp-content\/uploads\/2018\/06\/biennale-300x199.jpg 300w, https:\/\/nourasalia.com\/wp-content\/uploads\/2018\/06\/biennale-1024x680.jpg 1024w\" sizes=\"(max-width: 3405px) 100vw, 3405px\" \/><\/a>\n\t\t\t<\/dt><\/dl><br style=\"clear: both\" \/>\n\t\t<\/div>\n\n","protected":false},"excerpt":{"rendered":"<p>&nbsp; Nour ASALIA dans \u00abDe l&rsquo;objet au sacr\u00e9, le coffre fun\u00e9raire\u00bb \u00e9tude sur l&rsquo;oeuvre Lettre de Virginia Woolf dans le livre \u00abLa destructivit\u00e9 en \u0153uvres, essai sur l\u2019art syrien contemporain\u00bb par Nibras Chehayed et Guillaume de Vaulx d\u2019Arcy, publication de l&rsquo;Ifpo. 2021 Nour ASALIA Dans Artistes syriens en exil, \u0153uvres et r\u00e9cits de Dunia Al [&hellip;]<\/p>\n","protected":false},"author":1,"featured_media":0,"parent":0,"menu_order":0,"comment_status":"closed","ping_status":"closed","template":"","meta":[],"_links":{"self":[{"href":"https:\/\/nourasalia.com\/index.php\/wp-json\/wp\/v2\/pages\/450"}],"collection":[{"href":"https:\/\/nourasalia.com\/index.php\/wp-json\/wp\/v2\/pages"}],"about":[{"href":"https:\/\/nourasalia.com\/index.php\/wp-json\/wp\/v2\/types\/page"}],"author":[{"embeddable":true,"href":"https:\/\/nourasalia.com\/index.php\/wp-json\/wp\/v2\/users\/1"}],"replies":[{"embeddable":true,"href":"https:\/\/nourasalia.com\/index.php\/wp-json\/wp\/v2\/comments?post=450"}],"version-history":[{"count":38,"href":"https:\/\/nourasalia.com\/index.php\/wp-json\/wp\/v2\/pages\/450\/revisions"}],"predecessor-version":[{"id":1053,"href":"https:\/\/nourasalia.com\/index.php\/wp-json\/wp\/v2\/pages\/450\/revisions\/1053"}],"wp:attachment":[{"href":"https:\/\/nourasalia.com\/index.php\/wp-json\/wp\/v2\/media?parent=450"}],"curies":[{"name":"wp","href":"https:\/\/api.w.org\/{rel}","templated":true}]}}