{"id":716,"date":"2021-07-22T22:01:18","date_gmt":"2021-07-22T21:01:18","guid":{"rendered":"http:\/\/nourasalia.com\/?page_id=716"},"modified":"2023-10-17T12:33:41","modified_gmt":"2023-10-17T11:33:41","slug":"716-2","status":"publish","type":"page","link":"https:\/\/nourasalia.com\/index.php\/716-2\/","title":{"rendered":""},"content":{"rendered":"\r\n<h6 style=\"text-align: center;\"><strong>Esth\u00e9tique de La Fragilit\u00e9<\/strong><\/h6>\r\n<p>&nbsp;<\/p>\r\n<div><strong>&#8211; Fragile resistance<\/strong>\u00a0in \u00abFragilit\u00e9s\u00bb exhibition catalog, Rudolfinum Gallery : Prague, 2022.<\/div>\r\n<div>\u00a0<\/div>\r\n<p>-Th\u00e8se universitaire non publi\u00e9e <strong>\u00abLa fragilit\u00e9 dans la sculpture contemporaine : R\u00e9flexions th\u00e9oriques et exp\u00e9rimentations artistiques \u00e0 partir de Marcel Duchamp et Pablo Picasso\u00bb 2023.\u00a0<\/strong><\/p>\r\n<p style=\"text-align: right;\">\u0645\u0628\u0627\u062f\u0626 \u062c\u0645\u0627\u0644\u064a\u0651\u0629 \u0641\u064a \u0646\u0638\u0631\u064a\u0629 \u0627\u0644\u0647\u0634\u0627\u0634\u0629\u060c<a href=\"https:\/\/aljumhuriya.net\/ar\/2023\/01\/25\/%d9%85%d8%a8%d8%a7%d8%af%d8%a6-%d8%ac%d9%85%d8%a7%d9%84%d9%8a%d8%a9-%d9%81%d9%8a-%d9%86%d8%b8%d8%b1%d9%8a%d8%a9-%d8%a7%d9%84%d9%87%d8%b4%d8%a7%d8%b4%d8%a9\/?fbclid=IwAR0T97xb2b0F1S-fgjwWgLggDEKTwgMF2wvcXAPUnejW9vbwJP2e07E6AcA\"> \u0648\u0631\u0642\u0629 \u0645\u0646\u0634\u0648\u0631\u0629<\/a> \u0641\u064a \u0627\u0644\u062c\u0645\u0647\u0648\u0631\u064a\u0629\u060c \u0662\u0665\u0643\u0627\u0646\u0648\u0646 \u0627\u0644\u062b\u0627\u0646\u064a \u0662\u0660\u0662\u0663<\/p>\r\n<p><strong>-\u00abLe fragile r\u00e9sistant\u00bb essai dans <\/strong>le catalogue de l&rsquo;exposition \u00ab\u00a0Fragilit\u00e9s\u00a0\u00bb Exposition \u00e0 la <a class=\"x1i10hfl xjbqb8w x6umtig x1b1mbwd xaqea5y xav7gou x9f619 x1ypdohk xt0psk2 xe8uvvx xdj266r x11i5rnm xat24cr x1mh8g0r xexx8yu x4uap5 x18d9i69 xkhd6sd x16tdsg8 x1hl2dhg xggy1nq x1a2a7pz xt0b8zv x1qq9wsj xo1l8bm\" tabindex=\"0\" role=\"link\" href=\"https:\/\/www.facebook.com\/galerie.rudolfinum?__cft__[0]=AZWpRIdu-J38WfMA0qfF0zVJ_N_SYywS7hcg7RKvHVjMiI3dgrWs3kogshol3ZJxgU0PyxDdbXQPo4gB0SWuL39qisxuvepA7pszmp-DjZAgTwx85xqYvI2MvAppGAbwb42E77ySZ1gJlzkyMuHnCcTt95sVRZOipRBQ38miXX5_LA&amp;__tn__=-]K-R\"><span class=\"xt0psk2\">Galerie Rudolfinum<\/span><\/a> \u00e0 Prague 20 octobre 2022, avec Emilie Bouvard, Gabriela Garlatyov\u00e1, Elena Sorokina et Silvia Van Espen.\u00a0<\/p>\r\n<p><strong>-\u00abLa fragilit\u00e9 dans les sculptures en papier de Picasso\u00bb<\/strong>\u00a0Intervention dans la VIe journ\u00e9e des jeunes chercheurs de Mus\u00e9e Rodin \u00e0 Paris juin 2018,\u00a0<a href=\"http:\/\/nourasalia.com\/wp-content\/uploads\/2018\/06\/La-fragilite\u0301-dans-les-sculpture-de-Picasso-.pdf\">La fragilit\u00e9 dans les sculptures en papier de Picasso<\/a><\/p>\r\n<p>\r\n\r\n<\/p>\r\n\r\n\r\n\r\n<p><a href=\"http:\/\/nourasalia.com\/wp-content\/uploads\/2018\/06\/\u0639\u0646-\u0645\u0641\u0647\u0648\u0645-\u0627\u0644\u0647\u0634\u0627\u0634\u0629-\u0641\u064a-\u0627\u0654\u0639\u0645\u0627\u0644-\u0628\u064a\u0643\u0627\u0633\u0648-\u0627\u0644\u0646\u062d\u062a\u064a\u0629-\u0627\u0644\u0648\u0631\u0642\u064a\u0629.pdf\">\u0639\u0646 \u0645\u0641\u0647\u0648\u0645 \u0627\u0644\u0647\u0634\u0627\u0634\u0629 \u0641\u064a \u0623\u0639\u0645\u0627\u0644 \u0628\u064a\u0643\u0627\u0633\u0648 \u0627\u0644\u0646\u062d\u062a\u064a\u0629 \u0627\u0644\u0648\u0631\u0642\u064a\u0629<\/a><\/p>\r\n\r\n\r\n\r\n<p>&nbsp;<\/p>\r\n","protected":false},"excerpt":{"rendered":"<p>Esth\u00e9tique de La Fragilit\u00e9 &nbsp; &#8211; Fragile resistance\u00a0in \u00abFragilit\u00e9s\u00bb exhibition catalog, Rudolfinum Gallery : Prague, 2022. \u00a0 -Th\u00e8se universitaire non publi\u00e9e \u00abLa fragilit\u00e9 dans la sculpture contemporaine : R\u00e9flexions th\u00e9oriques et exp\u00e9rimentations artistiques \u00e0 partir de Marcel Duchamp et Pablo Picasso\u00bb 2023.\u00a0 \u0645\u0628\u0627\u062f\u0626 \u062c\u0645\u0627\u0644\u064a\u0651\u0629 \u0641\u064a \u0646\u0638\u0631\u064a\u0629 \u0627\u0644\u0647\u0634\u0627\u0634\u0629\u060c \u0648\u0631\u0642\u0629 \u0645\u0646\u0634\u0648\u0631\u0629 \u0641\u064a \u0627\u0644\u062c\u0645\u0647\u0648\u0631\u064a\u0629\u060c \u0662\u0665\u0643\u0627\u0646\u0648\u0646 \u0627\u0644\u062b\u0627\u0646\u064a \u0662\u0660\u0662\u0663 -\u00abLe [&hellip;]<\/p>\n","protected":false},"author":1,"featured_media":0,"parent":0,"menu_order":0,"comment_status":"closed","ping_status":"closed","template":"","meta":[],"_links":{"self":[{"href":"https:\/\/nourasalia.com\/index.php\/wp-json\/wp\/v2\/pages\/716"}],"collection":[{"href":"https:\/\/nourasalia.com\/index.php\/wp-json\/wp\/v2\/pages"}],"about":[{"href":"https:\/\/nourasalia.com\/index.php\/wp-json\/wp\/v2\/types\/page"}],"author":[{"embeddable":true,"href":"https:\/\/nourasalia.com\/index.php\/wp-json\/wp\/v2\/users\/1"}],"replies":[{"embeddable":true,"href":"https:\/\/nourasalia.com\/index.php\/wp-json\/wp\/v2\/comments?post=716"}],"version-history":[{"count":40,"href":"https:\/\/nourasalia.com\/index.php\/wp-json\/wp\/v2\/pages\/716\/revisions"}],"predecessor-version":[{"id":1277,"href":"https:\/\/nourasalia.com\/index.php\/wp-json\/wp\/v2\/pages\/716\/revisions\/1277"}],"wp:attachment":[{"href":"https:\/\/nourasalia.com\/index.php\/wp-json\/wp\/v2\/media?parent=716"}],"curies":[{"name":"wp","href":"https:\/\/api.w.org\/{rel}","templated":true}]}}