{"id":984,"date":"2021-11-22T10:18:42","date_gmt":"2021-11-22T09:18:42","guid":{"rendered":"http:\/\/nourasalia.com\/?page_id=984"},"modified":"2022-04-21T12:11:00","modified_gmt":"2022-04-21T11:11:00","slug":"limage-pour-les-malvoyants-2021","status":"publish","type":"page","link":"https:\/\/nourasalia.com\/index.php\/limage-pour-les-malvoyants-2021\/","title":{"rendered":"L\u2019image pour les malvoyants \u2013 2021"},"content":{"rendered":"<p>Projet subventionn\u00e9 par le Minist\u00e8re fran\u00e7ais de la culture<\/p>\n<p>&nbsp;<\/p>\n<p><img loading=\"lazy\" class=\"size-medium wp-image-1062 aligncenter\" src=\"http:\/\/nourasalia.com\/wp-content\/uploads\/2021\/12\/IMG_4884-295x300.jpg\" alt=\"\" width=\"295\" height=\"300\" srcset=\"https:\/\/nourasalia.com\/wp-content\/uploads\/2021\/12\/IMG_4884-295x300.jpg 295w, https:\/\/nourasalia.com\/wp-content\/uploads\/2021\/12\/IMG_4884-1006x1024.jpg 1006w, https:\/\/nourasalia.com\/wp-content\/uploads\/2021\/12\/IMG_4884-147x150.jpg 147w, https:\/\/nourasalia.com\/wp-content\/uploads\/2021\/12\/IMG_4884-1509x1536.jpg 1509w, https:\/\/nourasalia.com\/wp-content\/uploads\/2021\/12\/IMG_4884-2012x2048.jpg 2012w\" sizes=\"(max-width: 295px) 100vw, 295px\" \/><\/p>\n","protected":false},"excerpt":{"rendered":"<p>Projet subventionn\u00e9 par le Minist\u00e8re fran\u00e7ais de la culture &nbsp;<\/p>\n","protected":false},"author":1,"featured_media":0,"parent":0,"menu_order":0,"comment_status":"closed","ping_status":"closed","template":"","meta":[],"_links":{"self":[{"href":"https:\/\/nourasalia.com\/index.php\/wp-json\/wp\/v2\/pages\/984"}],"collection":[{"href":"https:\/\/nourasalia.com\/index.php\/wp-json\/wp\/v2\/pages"}],"about":[{"href":"https:\/\/nourasalia.com\/index.php\/wp-json\/wp\/v2\/types\/page"}],"author":[{"embeddable":true,"href":"https:\/\/nourasalia.com\/index.php\/wp-json\/wp\/v2\/users\/1"}],"replies":[{"embeddable":true,"href":"https:\/\/nourasalia.com\/index.php\/wp-json\/wp\/v2\/comments?post=984"}],"version-history":[{"count":9,"href":"https:\/\/nourasalia.com\/index.php\/wp-json\/wp\/v2\/pages\/984\/revisions"}],"predecessor-version":[{"id":1070,"href":"https:\/\/nourasalia.com\/index.php\/wp-json\/wp\/v2\/pages\/984\/revisions\/1070"}],"wp:attachment":[{"href":"https:\/\/nourasalia.com\/index.php\/wp-json\/wp\/v2\/media?parent=984"}],"curies":[{"name":"wp","href":"https:\/\/api.w.org\/{rel}","templated":true}]}}